{"id":1170,"date":"2022-08-05T06:31:33","date_gmt":"2022-08-05T06:31:33","guid":{"rendered":"https:\/\/new.estudiocompacto.com\/?page_id=1170"},"modified":"2022-08-18T17:38:45","modified_gmt":"2022-08-18T17:38:45","slug":"nosotros","status":"publish","type":"page","link":"https:\/\/estudiocompacto.com\/?page_id=1170","title":{"rendered":"NOSOTROS"},"content":{"rendered":"\t\t<div data-elementor-type=\"wp-page\" data-elementor-id=\"1170\" class=\"elementor elementor-1170\">\n\t\t\t\t\t\t<section class=\"elementor-section elementor-top-section elementor-element elementor-element-7ff287b elementor-section-full_width elementor-section-height-default elementor-section-height-default\" data-id=\"7ff287b\" data-element_type=\"section\">\n\t\t\t\t\t\t<div class=\"elementor-container elementor-column-gap-wider\">\n\t\t\t\t\t<div class=\"elementor-column elementor-col-50 elementor-top-column elementor-element elementor-element-8f0628a\" data-id=\"8f0628a\" data-element_type=\"column\">\n\t\t\t<div class=\"elementor-widget-wrap elementor-element-populated\">\n\t\t\t\t\t\t<div class=\"elementor-element elementor-element-209755c2 elementor-widget elementor-widget-heading\" data-id=\"209755c2\" data-element_type=\"widget\" data-widget_type=\"heading.default\">\n\t\t\t\t<div class=\"elementor-widget-container\">\n\t\t\t\t\t<h1 class=\"elementor-heading-title elementor-size-default\">NOSOTROS<\/h1>\t\t\t\t<\/div>\n\t\t\t\t<\/div>\n\t\t\t\t<div class=\"elementor-element elementor-element-c0254bc elementor-widget elementor-widget-text-editor\" data-id=\"c0254bc\" data-element_type=\"widget\" data-widget_type=\"text-editor.default\">\n\t\t\t\t<div class=\"elementor-widget-container\">\n\t\t\t\t\t\t\t\t\t<p>Integramos el estudio de arquitectura\u00a0 fundado por los arquitectos <strong>Gabriel Babbicola<\/strong> y <strong>Miguel Fernandez<\/strong> que, desde el a\u00f1o 1987, trabajan en distintos temas de <strong>arquitectura y urbanismo<\/strong>.<\/p><p>Nuestro equipo est\u00e1 conformado por un grupo de j\u00f3venes profesionales de la arquitectura y la ingenier\u00eda que, trabajando en forma conjunta y colaborativa, pretendemos satisfacer las expectativas de nuestros clientes.<\/p><p><span style=\"letter-spacing: 0.4px;\"><b>Desarrollamos proyectos y dirigimos obras de diferentes escalas y tem\u00e1ticas<\/b>, principalmente relacionadas a la <b>industria<\/b> y la <b>log\u00edstica<\/b>.<\/span><\/p><p>Tambi\u00e9n asesoramos y desarrollamos <b>urbanizaciones<\/b> de diferentes caracter\u00edsticas,\u00a0 incluyendo la <b>gesti\u00f3n ante los organismos<\/b> intervinientes, haciendo hincapi\u00e9 en la calidad ambiental de cada proyecto y propiciando una buena inserci\u00f3n en el entorno.<\/p><p><span style=\"letter-spacing: 0.4px;\">La <b>confecci\u00f3n\u00a0 de documentaci\u00f3n ejecutiva<\/b> e ingenier\u00edas de detalle para la construcci\u00f3n de obras es una de nuestras especialidades.<\/span><\/p>\t\t\t\t\t\t\t\t<\/div>\n\t\t\t\t<\/div>\n\t\t\t\t<div class=\"elementor-element elementor-element-0ef574b elementor-widget elementor-widget-text-editor\" data-id=\"0ef574b\" data-element_type=\"widget\" data-widget_type=\"text-editor.default\">\n\t\t\t\t<div class=\"elementor-widget-container\">\n\t\t\t\t\t\t\t\t\t<h3 style=\"text-align: left;\"><strong><span style=\"letter-spacing: 0.4px;\">Equipo<\/span><\/strong><\/h3>\n<p style=\"text-align: left;\"><b style=\"letter-spacing: 0.4px;\">Arq. Miguel <\/b><b>Fern\u00e1ndez&nbsp;<\/b><span style=\"letter-spacing: 0.4px;\">&#8211;<b>&nbsp;<\/b><\/span><span style=\"letter-spacing: 0.4px;\">Presidente y Director Comercial<\/span><\/p>\n<p><span style=\"color: #808080;\"><span style=\"letter-spacing: 0.4px;\">UNMDP &#8211;<\/span><span style=\"letter-spacing: 0.4px;\">&nbsp;<\/span><span style=\"letter-spacing: 0.4px;\">1987<\/span><\/span><\/p>\n<p><span style=\"letter-spacing: 0.4px; color: #808080;\">Mg. en Gesti\u00f3n Ambiental del Desarrollo Urbano UNMDP &#8211; 2012<\/span><\/p>\n<p><strong style=\"letter-spacing: 0.4px;\">Arq. Gabriel Babbicola <\/strong><span style=\"letter-spacing: 0.4px;\">&#8211;&nbsp;Vice Presidente y Director del Equipo T\u00e9cnico<\/span><\/p>\n<p style=\"letter-spacing: 0.4px;\"><span style=\"color: #808080;\"><span style=\"letter-spacing: 0.4px;\">UNMDP &#8211;<\/span><span style=\"letter-spacing: 0.4px;\">&nbsp;<\/span><span style=\"letter-spacing: 0.4px;\">1987<\/span><\/span><\/p>\n<p><span style=\"color: #808080;\"><span style=\"letter-spacing: 0.4px;\">Posgrado en <\/span>Geot\u00e9cnica<span style=\"letter-spacing: 0.4px;\">&nbsp;Aplicada de la&nbsp;UNMDP &#8211; 2018<\/span><\/span><\/p>\n<p><span style=\"color: #808080;\"><span style=\"letter-spacing: 0.4px;\">Docente universitario desde 1989&nbsp;<\/span><span style=\"letter-spacing: 0.4px;\">de la&nbsp;UNMDP<\/span><\/span><\/p>\n<p><strong style=\"letter-spacing: 0.4px;\">Arq. Mari\u00e1ngeles Di Paolo&nbsp;<\/strong><span style=\"letter-spacing: 0.4px;\">&#8211; Gerente de Proyectos&nbsp;<\/span><\/p>\n<p><span style=\"color: #808080;\"><span style=\"letter-spacing: 0.4px;\">UNMDP &#8211;<\/span>&nbsp;2008<\/span><\/p>\n<p><span style=\"font-weight: bolder; letter-spacing: 0.4px;\">Arq.<\/span><span style=\"font-weight: bolder; letter-spacing: 0.4px;\">&nbsp;<\/span><span style=\"letter-spacing: 0.4px;\"><strong>Ignacio Corazza <\/strong>&#8211;&nbsp;Coordinador de Direcci\u00f3n Obras<\/span><\/p>\n<p><span style=\"color: #808080;\"><span style=\"letter-spacing: 0.4px;\">UNMDP<\/span><span style=\"letter-spacing: 0.4px;\">&nbsp;&#8211;<\/span><span style=\"letter-spacing: 0.4px;\">&nbsp;<\/span>2002<\/span><\/p>\n<p><span style=\"font-weight: bolder; letter-spacing: 0.4px;\">Arq.<\/span><span style=\"font-weight: bolder; letter-spacing: 0.4px;\">&nbsp;<\/span><span style=\"letter-spacing: 0.4px;\"><strong>Juliana Iturriza&nbsp;<\/strong><\/span><span style=\"letter-spacing: 0.4px;\">&#8211;&nbsp;<\/span><span style=\"letter-spacing: 0.4px;\">Proyecto y direcci\u00f3n de obras<\/span><\/p>\n<p><span style=\"color: #808080;\"><span style=\"letter-spacing: 0.4px;\">UNMDP<\/span><span style=\"letter-spacing: 0.4px;\">&nbsp;&#8211;<\/span><span style=\"letter-spacing: 0.4px;\">&nbsp;<\/span>2014<\/span><\/p>\n<p><span style=\"font-weight: bolder; letter-spacing: 0.4px;\">Arq.<\/span><span style=\"font-weight: bolder; letter-spacing: 0.4px;\">&nbsp;<\/span><span style=\"letter-spacing: 0.4px;\"><strong>Jose Martin&nbsp;<\/strong><\/span><span style=\"letter-spacing: 0.4px;\">&#8211;&nbsp;<\/span><span style=\"letter-spacing: 0.4px;\">Proyecto y direcci\u00f3n de obras<\/span><\/p>\n<p><span style=\"color: #808080;\"><span style=\"letter-spacing: 0.4px;\">UNMDP<\/span><span style=\"letter-spacing: 0.4px;\">&nbsp;&#8211;<\/span><span style=\"letter-spacing: 0.4px;\">&nbsp;<\/span>2016<\/span><\/p>\n<p><span style=\"font-weight: bolder; letter-spacing: 0.4px;\">Arq.<\/span><span style=\"font-weight: bolder; letter-spacing: 0.4px;\">&nbsp;<\/span><span style=\"letter-spacing: 0.4px;\"><strong>Florencia Bionda&nbsp;<\/strong><\/span><span style=\"letter-spacing: 0.4px;\">&#8211;&nbsp;<\/span><span style=\"letter-spacing: 0.4px;\">Proyecto y direcci\u00f3n de obras<\/span><\/p>\n<p><span style=\"color: #808080;\"><span style=\"letter-spacing: 0.4px;\">UNMDP<\/span><span style=\"letter-spacing: 0.4px;\">&nbsp;&#8211;<\/span><span style=\"letter-spacing: 0.4px;\">&nbsp;<\/span>2014<\/span><\/p>\n<p><span style=\"font-weight: bolder; letter-spacing: 0.4px;\">Arq.<\/span><span style=\"font-weight: bolder; letter-spacing: 0.4px;\">&nbsp;<\/span><span style=\"letter-spacing: 0.4px;\"><strong>Ines Tanuscio <\/strong>&#8211;<strong>&nbsp;<\/strong>Gesti\u00f3n ante organismos&nbsp;<\/span><\/p>\n<p><span style=\"color: #808080;\"><span style=\"letter-spacing: 0.4px;\">UNMDP<\/span><span style=\"letter-spacing: 0.4px;\">&nbsp;&#8211;<\/span><span style=\"letter-spacing: 0.4px;\">&nbsp;<\/span>2015<\/span><\/p>\n<div>&nbsp;<\/div>\t\t\t\t\t\t\t\t<\/div>\n\t\t\t\t<\/div>\n\t\t\t\t\t<\/div>\n\t\t<\/div>\n\t\t\t\t<div class=\"elementor-column elementor-col-50 elementor-top-column elementor-element elementor-element-56094e1\" data-id=\"56094e1\" data-element_type=\"column\" data-settings=\"{&quot;background_background&quot;:&quot;classic&quot;}\">\n\t\t\t<div class=\"elementor-widget-wrap elementor-element-populated\">\n\t\t\t\t\t\t<div class=\"elementor-element elementor-element-6178271 elementor-widget elementor-widget-image\" data-id=\"6178271\" data-element_type=\"widget\" data-widget_type=\"image.default\">\n\t\t\t\t<div class=\"elementor-widget-container\">\n\t\t\t\t\t\t\t\t\t\t\t\t\t\t\t<img decoding=\"async\" src=\"https:\/\/estudiocompacto.com\/wp-content\/uploads\/elementor\/thumbs\/4-scaled-r0ad1sb0uyvzkh25qw8hrl9c22m18z3ad3p0k8xo28.jpg\" title=\"4\" alt=\"4\" loading=\"lazy\" \/>\t\t\t\t\t\t\t\t\t\t\t\t\t\t\t<\/div>\n\t\t\t\t<\/div>\n\t\t\t\t\t<\/div>\n\t\t<\/div>\n\t\t\t\t\t<\/div>\n\t\t<\/section>\n\t\t\t\t<section class=\"elementor-section elementor-top-section elementor-element elementor-element-fcf4442 elementor-section-height-min-height elementor-section-full_width elementor-section-height-default elementor-section-items-middle\" data-id=\"fcf4442\" data-element_type=\"section\" data-settings=\"{&quot;background_background&quot;:&quot;classic&quot;}\">\n\t\t\t\t\t\t<div class=\"elementor-container elementor-column-gap-no\">\n\t\t\t\t\t<div class=\"elementor-column elementor-col-100 elementor-top-column elementor-element elementor-element-0049637\" data-id=\"0049637\" data-element_type=\"column\">\n\t\t\t<div class=\"elementor-widget-wrap elementor-element-populated\">\n\t\t\t\t\t\t<div class=\"elementor-element elementor-element-eb9123d elementor-widget elementor-widget-image\" data-id=\"eb9123d\" data-element_type=\"widget\" data-widget_type=\"image.default\">\n\t\t\t\t<div class=\"elementor-widget-container\">\n\t\t\t\t\t\t\t\t\t\t\t\t\t\t\t<img fetchpriority=\"high\" decoding=\"async\" width=\"2560\" height=\"1439\" src=\"https:\/\/estudiocompacto.com\/wp-content\/uploads\/2022\/08\/nosotros-2-scaled.jpg\" class=\"attachment-full size-full wp-image-2006\" alt=\"\" srcset=\"https:\/\/estudiocompacto.com\/wp-content\/uploads\/2022\/08\/nosotros-2-scaled.jpg 2560w, https:\/\/estudiocompacto.com\/wp-content\/uploads\/2022\/08\/nosotros-2-300x169.jpg 300w, https:\/\/estudiocompacto.com\/wp-content\/uploads\/2022\/08\/nosotros-2-1024x576.jpg 1024w, https:\/\/estudiocompacto.com\/wp-content\/uploads\/2022\/08\/nosotros-2-768x432.jpg 768w, https:\/\/estudiocompacto.com\/wp-content\/uploads\/2022\/08\/nosotros-2-1536x864.jpg 1536w, https:\/\/estudiocompacto.com\/wp-content\/uploads\/2022\/08\/nosotros-2-2048x1152.jpg 2048w\" sizes=\"(max-width: 2560px) 100vw, 2560px\" \/>\t\t\t\t\t\t\t\t\t\t\t\t\t\t\t<\/div>\n\t\t\t\t<\/div>\n\t\t\t\t\t<\/div>\n\t\t<\/div>\n\t\t\t\t\t<\/div>\n\t\t<\/section>\n\t\t\t\t<\/div>\n\t\t","protected":false},"excerpt":{"rendered":"<p>NOSOTROS Integramos el estudio de arquitectura\u00a0 fundado por los arquitectos Gabriel Babbicola y Miguel Fernandez que, desde el a\u00f1o 1987, trabajan en distintos temas de arquitectura y urbanismo. Nuestro equipo est\u00e1 conformado por un grupo de j\u00f3venes profesionales de la arquitectura y la ingenier\u00eda que, trabajando en forma conjunta y colaborativa, pretendemos satisfacer las expectativas [&hellip;]<\/p>\n","protected":false},"author":1,"featured_media":0,"parent":0,"menu_order":0,"comment_status":"closed","ping_status":"closed","template":"elementor_header_footer","meta":{"footnotes":""},"class_list":["post-1170","page","type-page","status-publish","hentry"],"_links":{"self":[{"href":"https:\/\/estudiocompacto.com\/index.php?rest_route=\/wp\/v2\/pages\/1170","targetHints":{"allow":["GET"]}}],"collection":[{"href":"https:\/\/estudiocompacto.com\/index.php?rest_route=\/wp\/v2\/pages"}],"about":[{"href":"https:\/\/estudiocompacto.com\/index.php?rest_route=\/wp\/v2\/types\/page"}],"author":[{"embeddable":true,"href":"https:\/\/estudiocompacto.com\/index.php?rest_route=\/wp\/v2\/users\/1"}],"replies":[{"embeddable":true,"href":"https:\/\/estudiocompacto.com\/index.php?rest_route=%2Fwp%2Fv2%2Fcomments&post=1170"}],"version-history":[{"count":122,"href":"https:\/\/estudiocompacto.com\/index.php?rest_route=\/wp\/v2\/pages\/1170\/revisions"}],"predecessor-version":[{"id":2031,"href":"https:\/\/estudiocompacto.com\/index.php?rest_route=\/wp\/v2\/pages\/1170\/revisions\/2031"}],"wp:attachment":[{"href":"https:\/\/estudiocompacto.com\/index.php?rest_route=%2Fwp%2Fv2%2Fmedia&parent=1170"}],"curies":[{"name":"wp","href":"https:\/\/api.w.org\/{rel}","templated":true}]}}